{"id":34,"date":"2022-07-06T00:13:20","date_gmt":"2022-07-06T00:13:20","guid":{"rendered":"https:\/\/total.wpexplorer.com\/biz\/?page_id=34"},"modified":"2024-02-07T10:52:44","modified_gmt":"2024-02-07T09:52:44","slug":"portfolio","status":"publish","type":"page","link":"https:\/\/europacommerciale.it\/?page_id=34","title":{"rendered":"Portfolio"},"content":{"rendered":"[vc_row remove_bottom_col_margin=&#8221;true&#8221;][vc_column][vc_single_image image=&#8221;316&#8243;][vc_empty_space][\/vc_column][\/vc_row][vc_row content_placement=&#8221;middle&#8221;][vc_column]<h2 class=\"vcex-heading vcex-module wpex-text-2xl wpex-font-normal wpex-m-auto wpex-max-w-100 vcex-heading-plain wpex-block wpex-text-center aligncenter\" style=\"font-size:clamp(34px, 4vmax, 60px);font-weight:600;width:800px;\"><span class=\"vcex-heading-inner wpex-inline-block wpex-clr\">Chi siamo<\/span><\/h2>[\/vc_column][\/vc_row][vc_row][vc_column][vc_column_text]\n<p style=\"text-align: justify;\">Europa commerciale S.r.l. \u00e8 una realt\u00e0 della distribuzione organizzata che opera in Calabria con i suoi negozi a insegna Sisa (Societ\u00e0 Italiana Supermercati Associati). Conta 8 punti vendita diretti, 8 affiliati e un Iper Sisa di nuova concezione, vera innovazione italiana nel settore del retail. L\u2019ipermercato offre il massimo dell\u2019assortimento e della metratura per un\u2019esperienza d\u2019acquisto confortevole e ricca di possibilit\u00e0. Il punto di forza dei nostri punti vendita \u00e8 la particolare attenzione al fresco\/freschissimo e alla prossimit\u00e0. Europa commerciale, nata nel 2011, vanta anche la presenza sul territorio calabrese del Ligea Center, parco commerciale di ultima generazione che guarda al futuro della grande distribuzione organizzata innovando sia in termini di formula distributiva sia in termini di segmentazione del mercato. Una struttura avveniristica con una forte preponderanza alle tecnologie digitali, ecosostenibilit\u00e0 e innovazione di processo e di prodotto. Gestito da un gruppo di professionisti con oltre vent\u2019anni di esperienza nel settore, coadiuvati da pi\u00f9 esperti nel campo della finanza di impresa, dell\u2019innovazione tecnologica, informatica e soluzioni ITC, del marketing turistico e della ristorazione. Ligea Center \u00e8 un centro estremamente innovativo certificato 4.0. Europa commerciale S.r.l. si impegna ogni giorno a soddisfare le esigenze dei suoi affiliati e dei suoi clienti, ponendo importante attenzione alla filiera e alla qualit\u00e0 dei prodotti. Tutto curato, selezionato, valutato e proposto nei minimi dettagli per offrire solo e sempre il meglio. Garanzia, affidabilit\u00e0 e innovazione \u00e8 ci\u00f2 che contraddistingue Europa commerciale S.r.l.<\/p>\n[\/vc_column_text][\/vc_column][\/vc_row][vc_row][vc_column width=&#8221;1\/3&#8243;][vc_single_image image=&#8221;420&#8243; onclick=&#8221;custom_link&#8221; img_link_target=&#8221;_blank&#8221; link=&#8221;https:\/\/europacommerciale.it\/wp-content\/uploads\/2024\/02\/BROCHURE-A4-IN-ITALIANO_compressed.pdf&#8221;][\/vc_column][vc_column width=&#8221;1\/3&#8243;][vc_single_image image=&#8221;418&#8243; onclick=&#8221;custom_link&#8221; img_link_target=&#8221;_blank&#8221; link=&#8221;https:\/\/europacommerciale.it\/wp-content\/uploads\/2024\/02\/BROCHURE-A4-IN-INGLESE_compressed.pdf&#8221;][\/vc_column][vc_column width=&#8221;1\/3&#8243;][vc_single_image image=&#8221;419&#8243; onclick=&#8221;custom_link&#8221; img_link_target=&#8221;_blank&#8221; link=&#8221;https:\/\/europacommerciale.it\/wp-content\/uploads\/2024\/02\/BROCHURE-A4-IN-FRANCESE_compressed.pdf&#8221;][\/vc_column][\/vc_row]\n","protected":false},"excerpt":{"rendered":"<p>[vc_row remove_bottom_col_margin=&#8221;true&#8221;][vc_column][vc_single_image image=&#8221;316&#8243;][vc_empty_space][\/vc_column][\/vc_row][vc_row content_placement=&#8221;middle&#8221;][vc_column][\/vc_column][\/vc_row][vc_row][vc_column][vc_column_text] Europa commerciale S.r.l. \u00e8 una realt\u00e0 della distribuzione organizzata che opera in Calabria con i suoi negozi a insegna Sisa (Societ\u00e0 Italiana Supermercati Associati). Conta 8 punti vendita diretti, 8 affiliati e un Iper Sisa di nuova concezione, vera innovazione italiana nel settore del retail. L\u2019ipermercato offre il massimo dell\u2019assortimento e&hellip;<\/p>\n","protected":false},"author":1,"featured_media":0,"parent":0,"menu_order":0,"comment_status":"closed","ping_status":"closed","template":"","meta":{"footnotes":""},"class_list":["post-34","page","type-page","status-publish","hentry","entry","no-media"],"_links":{"self":[{"href":"https:\/\/europacommerciale.it\/index.php?rest_route=\/wp\/v2\/pages\/34","targetHints":{"allow":["GET"]}}],"collection":[{"href":"https:\/\/europacommerciale.it\/index.php?rest_route=\/wp\/v2\/pages"}],"about":[{"href":"https:\/\/europacommerciale.it\/index.php?rest_route=\/wp\/v2\/types\/page"}],"author":[{"embeddable":true,"href":"https:\/\/europacommerciale.it\/index.php?rest_route=\/wp\/v2\/users\/1"}],"replies":[{"embeddable":true,"href":"https:\/\/europacommerciale.it\/index.php?rest_route=%2Fwp%2Fv2%2Fcomments&post=34"}],"version-history":[{"count":6,"href":"https:\/\/europacommerciale.it\/index.php?rest_route=\/wp\/v2\/pages\/34\/revisions"}],"predecessor-version":[{"id":424,"href":"https:\/\/europacommerciale.it\/index.php?rest_route=\/wp\/v2\/pages\/34\/revisions\/424"}],"wp:attachment":[{"href":"https:\/\/europacommerciale.it\/index.php?rest_route=%2Fwp%2Fv2%2Fmedia&parent=34"}],"curies":[{"name":"wp","href":"https:\/\/api.w.org\/{rel}","templated":true}]}}